{"id":45458,"date":"2024-12-27T13:35:56","date_gmt":"2024-12-27T12:35:56","guid":{"rendered":"https:\/\/uweed.ch\/cbd-produkte\/smoking-blue-feuilles-king-size-papier-a-rouler\/"},"modified":"2026-03-27T10:34:22","modified_gmt":"2026-03-27T09:34:22","slug":"smoking-blue-feuilles-king-size-papier-a-rouler","status":"publish","type":"product","link":"https:\/\/uweed.ch\/fr\/produits-cbd\/smoking-blue-feuilles-king-size-papier-a-rouler\/","title":{"rendered":"Blue \u2022 Feuilles King Size \u2022 Papier \u00e0 Rouler"},"content":{"rendered":"<p>Smoking Blue King Size, les feuilles \u00e0 rouler favorites et les plus populaires de Smoking. Un papier ultrafin pour chaque lieu, tout moment et n&rsquo;importe qu&rsquo;elle compagnie. Le papier ultra-fin traditionnel (13 g \/ m2) avec une transparence maximale est plus large (52 mm) pour ceux qui aiment les roll-ups traditionnels. La colle est fabriqu\u00e9e avec de la gomme arabique 100% naturelle et ne contient aucun colorant ni autre additif. Les Smoking Blue King Size sont \u00e9galement certifi\u00e9s FSC (Forest Stewardship Council), ce qui en fait des papiers \u00e0 rouler \u00e9cologiques.<\/p>\n","protected":false},"excerpt":{"rendered":"<p>Smoking Blue King Size, les feuilles \u00e0 rouler favorites et les plus populaires de Smoking. Un papier ultrafin pour chaque lieu, tout moment et n&rsquo;importe qu&rsquo;elle compagnie. Le papier ultra-fin traditionnel (13 g \/ m2) avec une transparence maximale est plus large (52 mm) pour ceux qui aiment les roll-ups traditionnels. La colle est fabriqu\u00e9e [&hellip;]<\/p>\n","protected":false},"featured_media":988771,"template":"","meta":[],"product_brand":[24415],"product_cat":[22282],"product_tag":[],"class_list":{"0":"post-45458","1":"product","2":"type-product","3":"status-publish","4":"has-post-thumbnail","6":"product_brand-smoking","7":"product_cat-papier-a-rouler","9":"first","10":"outofstock","11":"taxable","12":"shipping-taxable","13":"purchasable","14":"product-type-variable"},"yoast_head":"<!-- This site is optimized with the Yoast SEO Premium plugin v27.2 (Yoast SEO v27.2) - https:\/\/yoast.com\/product\/yoast-seo-premium-wordpress\/ -->\n<title>Smoking Blue \u2022 King Size \u2022 Papier \u00e0 Rouler | uWeed CBD Shop<\/title>\n<meta name=\"description\" content=\"Vous trouverez dans notre boutique en ligne les papiers \u00e0 rouler Smoking Blue de la marque de renom Smoking. Commandez vos feuilles aujourd&#039;hui sur | uweed.ch\" \/>\n<meta name=\"robots\" content=\"index, follow, max-snippet:-1, max-image-preview:large, max-video-preview:-1\" \/>\n<link rel=\"canonical\" href=\"https:\/\/uweed.ch\/fr\/produits-cbd\/smoking-blue-feuilles-king-size-papier-a-rouler\/\" \/>\n<meta property=\"og:locale\" content=\"fr_FR\" \/>\n<meta property=\"og:type\" content=\"article\" \/>\n<meta property=\"og:title\" content=\"Smoking Blue \u2022 King Size \u2022 Papier \u00e0 Rouler | uWeed CBD Shop\" \/>\n<meta property=\"og:description\" content=\"Vous trouverez dans notre boutique en ligne les papiers \u00e0 rouler Smoking Blue de la marque de renom Smoking. Commandez vos feuilles aujourd&#039;hui sur | uweed.ch\" \/>\n<meta property=\"og:url\" content=\"https:\/\/uweed.ch\/fr\/produits-cbd\/smoking-blue-feuilles-king-size-papier-a-rouler\/\" \/>\n<meta property=\"og:site_name\" content=\"uWeed CBD Shop\" \/>\n<meta property=\"article:publisher\" content=\"https:\/\/www.facebook.com\/uweedswiss\" \/>\n<meta property=\"article:modified_time\" content=\"2026-03-27T09:34:22+00:00\" \/>\n<meta property=\"og:image\" content=\"https:\/\/uweed.ch\/wp-content\/uploads\/2024\/12\/smoking-king-size-blue-rolling-papper-uweed-cbd-shop-01-1.png\" \/>\n\t<meta property=\"og:image:width\" content=\"338\" \/>\n\t<meta property=\"og:image:height\" content=\"390\" \/>\n\t<meta property=\"og:image:type\" content=\"image\/png\" \/>\n<meta name=\"twitter:card\" content=\"summary_large_image\" \/>\n<meta name=\"twitter:label1\" content=\"Disponibilit\u00e9\" \/>\n\t<meta name=\"twitter:data1\" content=\"Rupture de stock\" \/>\n<meta property=\"og:availability\" content=\"out of stock\" \/>\n<meta property=\"product:availability\" content=\"out of stock\" \/>\n<meta property=\"product:retailer_item_id\" content=\"SKSABLKI\" \/>\n<meta property=\"product:condition\" content=\"new\" \/>\n<!-- \/ Yoast SEO Premium plugin. -->","yoast_head_json":{"title":"Smoking Blue \u2022 King Size \u2022 Papier \u00e0 Rouler | uWeed CBD Shop","description":"Vous trouverez dans notre boutique en ligne les papiers \u00e0 rouler Smoking Blue de la marque de renom Smoking. Commandez vos feuilles aujourd'hui sur | uweed.ch","robots":{"index":"index","follow":"follow","max-snippet":"max-snippet:-1","max-image-preview":"max-image-preview:large","max-video-preview":"max-video-preview:-1"},"canonical":"https:\/\/uweed.ch\/fr\/produits-cbd\/smoking-blue-feuilles-king-size-papier-a-rouler\/","og_locale":"fr_FR","og_type":"article","og_title":"Smoking Blue \u2022 King Size \u2022 Papier \u00e0 Rouler | uWeed CBD Shop","og_description":"Vous trouverez dans notre boutique en ligne les papiers \u00e0 rouler Smoking Blue de la marque de renom Smoking. Commandez vos feuilles aujourd'hui sur | uweed.ch","og_url":"https:\/\/uweed.ch\/fr\/produits-cbd\/smoking-blue-feuilles-king-size-papier-a-rouler\/","og_site_name":"uWeed CBD Shop","article_publisher":"https:\/\/www.facebook.com\/uweedswiss","article_modified_time":"2026-03-27T09:34:22+00:00","og_image":[{"width":338,"height":390,"url":"https:\/\/uweed.ch\/wp-content\/uploads\/2024\/12\/smoking-king-size-blue-rolling-papper-uweed-cbd-shop-01-1.png","type":"image\/png"}],"twitter_card":"summary_large_image","twitter_misc":{"Disponibilit\u00e9":"Rupture de stock"},"schema":{"@context":"https:\/\/schema.org","@graph":[]},"og_availability":"out of stock","product_availability":"out of stock","product_retailer_item_id":"SKSABLKI","product_condition":"new"},"_links":{"self":[{"href":"https:\/\/uweed.ch\/fr\/wp-json\/wp\/v2\/product\/45458","targetHints":{"allow":["GET"]}}],"collection":[{"href":"https:\/\/uweed.ch\/fr\/wp-json\/wp\/v2\/product"}],"about":[{"href":"https:\/\/uweed.ch\/fr\/wp-json\/wp\/v2\/types\/product"}],"wp:featuredmedia":[{"embeddable":true,"href":"https:\/\/uweed.ch\/fr\/wp-json\/wp\/v2\/media\/988771"}],"wp:attachment":[{"href":"https:\/\/uweed.ch\/fr\/wp-json\/wp\/v2\/media?parent=45458"}],"wp:term":[{"taxonomy":"product_brand","embeddable":true,"href":"https:\/\/uweed.ch\/fr\/wp-json\/wp\/v2\/product_brand?post=45458"},{"taxonomy":"product_cat","embeddable":true,"href":"https:\/\/uweed.ch\/fr\/wp-json\/wp\/v2\/product_cat?post=45458"},{"taxonomy":"product_tag","embeddable":true,"href":"https:\/\/uweed.ch\/fr\/wp-json\/wp\/v2\/product_tag?post=45458"}],"curies":[{"name":"wp","href":"https:\/\/api.w.org\/{rel}","templated":true}]}}