{"id":45045,"date":"2024-12-27T12:24:43","date_gmt":"2024-12-27T11:24:43","guid":{"rendered":"https:\/\/uweed.ch\/cbd-produkte\/swiss-botanic-cbg-pollen-30-cbg-hash-indoor\/"},"modified":"2026-03-31T08:17:23","modified_gmt":"2026-03-31T07:17:23","slug":"swiss-botanic-cbg-pollen-30-cbg-hash-indoor","status":"publish","type":"product","link":"https:\/\/uweed.ch\/fr\/produits-cbd\/swiss-botanic-cbg-pollen-30-cbg-hash-indoor\/","title":{"rendered":"CBG Pollen 3.0 \u2022 R\u00e9sine CBG Indoor"},"content":{"rendered":"<p>\ud83c\udf3f D\u00e9couvre l&rsquo;innovation avec le CBG Pollen 3.0, un concentr\u00e9 unique dans sa cat\u00e9gorie. Cette cr\u00e9ation Swiss Botanic, minutieusement extraite de fleurs de chanvre indoor s\u00e9lectionn\u00e9es, se distingue par sa haute teneur en CBG de 37%. Explore notre s\u00e9lection de <a href=\"https:\/\/uweed.ch\/fr\/cbd-shop\/pollen-cbd\/\">pollen CBD s\u00e9lectionn\u00e9<\/a> nouvelle g\u00e9n\u00e9ration.<\/p>\n<p>Sa texture fluffy et sa couleur dor\u00e9e p\u00e2le caract\u00e9ristique r\u00e9v\u00e8lent sa puret\u00e9 exceptionnelle. Notre processus d&rsquo;extraction innovant pr\u00e9serve l&rsquo;int\u00e9gralit\u00e9 du profil cannabino\u00efde, cr\u00e9ant une exp\u00e9rience unique o\u00f9 les notes herbales fusionnent avec des touches diesel distinctives.<\/p>\n<p>\u00c9labor\u00e9 selon des m\u00e9thodes d&rsquo;extraction de pointe, chaque gramme b\u00e9n\u00e9ficie d&rsquo;un tamisage fin qui maximise la concentration en CBG. Cette approche garantit un produit d&rsquo;une puret\u00e9 remarquable, sans additifs ni conservateurs. Une invitation \u00e0 d\u00e9couvrir le futur du cannabis. \u2728<\/p>\n","protected":false},"excerpt":{"rendered":"<p>La r\u00e9sine CBG Pollen 3.0 de Swiss Botanic est un <strong>pollen CBG<\/strong>, fabriqu\u00e9 en Suisse\u00a0:<\/p>\n<ul>\n<li>Taux de CBD = 37% (THC &lt;1%)<\/li>\n<li>Texture\u00a0: Friable<\/li>\n<li>Ar\u00f4mes\u00a0: \ud83c\udf3f Herbac\u00e9 \u2022 \u26fd Diesel<\/li>\n<li>Sans fongicides \u2022 Sans herbicides \u2022 Sans pesticides \u2022 Sans solvants \u2022 Sans OGM \u2022 Sans additifs artificiels<\/li>\n<\/ul>\n","protected":false},"featured_media":948101,"template":"","meta":[],"product_brand":[24424],"product_cat":[16220],"product_tag":[],"class_list":{"0":"post-45045","1":"product","2":"type-product","3":"status-publish","4":"has-post-thumbnail","6":"product_brand-swiss-botanic","7":"product_cat-pollen-cbd","9":"first","10":"outofstock","11":"taxable","12":"shipping-taxable","13":"purchasable","14":"product-type-variable"},"yoast_head":"<!-- This site is optimized with the Yoast SEO Premium plugin v27.2 (Yoast SEO v27.2) - https:\/\/yoast.com\/product\/yoast-seo-premium-wordpress\/ -->\n<title>CBG Pollen 3.0 \u2022 R\u00e9sine CBG Indoor \u2022 Swiss Botanic | uWeed<\/title>\n<meta name=\"description\" content=\"CBG Pollen 3.0 Swiss Botanic \u2022 CBG 37% Premium \u2022 Innovation suisse \u2022 Notes herbales et diesel \u2022 Nouvelle g\u00e9n\u00e9ration\" \/>\n<meta name=\"robots\" content=\"index, follow, max-snippet:-1, max-image-preview:large, max-video-preview:-1\" \/>\n<link rel=\"canonical\" href=\"https:\/\/uweed.ch\/fr\/produits-cbd\/swiss-botanic-cbg-pollen-30-cbg-hash-indoor\/\" \/>\n<meta property=\"og:locale\" content=\"fr_FR\" \/>\n<meta property=\"og:type\" content=\"article\" \/>\n<meta property=\"og:title\" content=\"CBG Pollen 3.0 \u2022 R\u00e9sine CBG Indoor \u2022 Swiss Botanic | uWeed\" \/>\n<meta property=\"og:description\" content=\"CBG Pollen 3.0 Swiss Botanic \u2022 CBG 37% Premium \u2022 Innovation suisse \u2022 Notes herbales et diesel \u2022 Nouvelle g\u00e9n\u00e9ration\" \/>\n<meta property=\"og:url\" content=\"https:\/\/uweed.ch\/fr\/produits-cbd\/swiss-botanic-cbg-pollen-30-cbg-hash-indoor\/\" \/>\n<meta property=\"og:site_name\" content=\"uWeed CBD Shop\" \/>\n<meta property=\"article:publisher\" content=\"https:\/\/www.facebook.com\/uweedswiss\" \/>\n<meta property=\"article:modified_time\" content=\"2026-03-31T07:17:23+00:00\" \/>\n<meta property=\"og:image\" content=\"https:\/\/uweed.ch\/wp-content\/uploads\/2024\/12\/swiss-botanic-cbg-pollen-3-0-indoor-uweed-cbd-shop-01.png\" \/>\n\t<meta property=\"og:image:width\" content=\"338\" \/>\n\t<meta property=\"og:image:height\" content=\"399\" \/>\n\t<meta property=\"og:image:type\" content=\"image\/png\" \/>\n<meta name=\"twitter:card\" content=\"summary_large_image\" \/>\n<meta name=\"twitter:label1\" content=\"Disponibilit\u00e9\" \/>\n\t<meta name=\"twitter:data1\" content=\"Rupture de stock\" \/>\n<meta property=\"og:availability\" content=\"out of stock\" \/>\n<meta property=\"product:availability\" content=\"out of stock\" \/>\n<meta property=\"product:retailer_item_id\" content=\"SBCTCBOL\" \/>\n<meta property=\"product:condition\" content=\"new\" \/>\n<!-- \/ Yoast SEO Premium plugin. -->","yoast_head_json":{"title":"CBG Pollen 3.0 \u2022 R\u00e9sine CBG Indoor \u2022 Swiss Botanic | uWeed","description":"CBG Pollen 3.0 Swiss Botanic \u2022 CBG 37% Premium \u2022 Innovation suisse \u2022 Notes herbales et diesel \u2022 Nouvelle g\u00e9n\u00e9ration","robots":{"index":"index","follow":"follow","max-snippet":"max-snippet:-1","max-image-preview":"max-image-preview:large","max-video-preview":"max-video-preview:-1"},"canonical":"https:\/\/uweed.ch\/fr\/produits-cbd\/swiss-botanic-cbg-pollen-30-cbg-hash-indoor\/","og_locale":"fr_FR","og_type":"article","og_title":"CBG Pollen 3.0 \u2022 R\u00e9sine CBG Indoor \u2022 Swiss Botanic | uWeed","og_description":"CBG Pollen 3.0 Swiss Botanic \u2022 CBG 37% Premium \u2022 Innovation suisse \u2022 Notes herbales et diesel \u2022 Nouvelle g\u00e9n\u00e9ration","og_url":"https:\/\/uweed.ch\/fr\/produits-cbd\/swiss-botanic-cbg-pollen-30-cbg-hash-indoor\/","og_site_name":"uWeed CBD Shop","article_publisher":"https:\/\/www.facebook.com\/uweedswiss","article_modified_time":"2026-03-31T07:17:23+00:00","og_image":[{"width":338,"height":399,"url":"https:\/\/uweed.ch\/wp-content\/uploads\/2024\/12\/swiss-botanic-cbg-pollen-3-0-indoor-uweed-cbd-shop-01.png","type":"image\/png"}],"twitter_card":"summary_large_image","twitter_misc":{"Disponibilit\u00e9":"Rupture de stock"},"schema":{"@context":"https:\/\/schema.org","@graph":[]},"og_availability":"out of stock","product_availability":"out of stock","product_retailer_item_id":"SBCTCBOL","product_condition":"new"},"_links":{"self":[{"href":"https:\/\/uweed.ch\/fr\/wp-json\/wp\/v2\/product\/45045","targetHints":{"allow":["GET"]}}],"collection":[{"href":"https:\/\/uweed.ch\/fr\/wp-json\/wp\/v2\/product"}],"about":[{"href":"https:\/\/uweed.ch\/fr\/wp-json\/wp\/v2\/types\/product"}],"wp:featuredmedia":[{"embeddable":true,"href":"https:\/\/uweed.ch\/fr\/wp-json\/wp\/v2\/media\/948101"}],"wp:attachment":[{"href":"https:\/\/uweed.ch\/fr\/wp-json\/wp\/v2\/media?parent=45045"}],"wp:term":[{"taxonomy":"product_brand","embeddable":true,"href":"https:\/\/uweed.ch\/fr\/wp-json\/wp\/v2\/product_brand?post=45045"},{"taxonomy":"product_cat","embeddable":true,"href":"https:\/\/uweed.ch\/fr\/wp-json\/wp\/v2\/product_cat?post=45045"},{"taxonomy":"product_tag","embeddable":true,"href":"https:\/\/uweed.ch\/fr\/wp-json\/wp\/v2\/product_tag?post=45045"}],"curies":[{"name":"wp","href":"https:\/\/api.w.org\/{rel}","templated":true}]}}