{"id":44685,"date":"2024-12-27T11:40:40","date_gmt":"2024-12-27T10:40:40","guid":{"rendered":"https:\/\/uweed.ch\/cbd-produkte\/swiss-botanic-nano-nuggs-runtz-mini-buds-cbd-outdoor\/"},"modified":"2026-04-14T16:03:03","modified_gmt":"2026-04-14T15:03:03","slug":"swiss-botanic-nano-nuggs-runtz-mini-buds-cbd-outdoor","status":"publish","type":"product","link":"https:\/\/uweed.ch\/fr\/produits-cbd\/swiss-botanic-nano-nuggs-runtz-mini-buds-cbd-outdoor\/","title":{"rendered":"Nano Nuggs Runtz \u2022 Small CBD Buds Outdoor"},"content":{"rendered":"<p>\ud83c\udf3f <a href=\"https:\/\/uweed.ch\/fr\/cbd-shop\/fleurs-cbd\/\">D\u00e9couvrir nos fleurs CBD<\/a> prend tout son sens avec les Nano Nuggs Runtz, des mini-bourgeons qui capturent l&rsquo;essence m\u00eame du savoir-faire Swiss Botanic. Avec leur taux de CBD de 18%, ces petits tr\u00e9sors offrent une exp\u00e9rience authentique \u00e0 prix accessible.<\/p>\n<p>Cultiv\u00e9s au c\u0153ur du canton de Vaud, ces mini-bourgeons sont le fruit d&rsquo;une culture outdoor m\u00e9ticuleuse. Leur taille compacte dissimule un profil aromatique riche, o\u00f9 les notes sucr\u00e9es s&rsquo;entrem\u00ealent aux touches herbales et fruit\u00e9es. La culture en plein air conf\u00e8re \u00e0 ces fleurs une authenticit\u00e9 incomparable.<\/p>\n<p>Ces small buds respectent les m\u00eames standards d&rsquo;excellence que toutes les cr\u00e9ations Swiss Botanic. Sans pesticides, sans herbicides et certifi\u00e9s v\u00e9gan, ils incarnent l&rsquo;accessibilit\u00e9 sans compromis sur la qualit\u00e9. Une invitation \u00e0 d\u00e9couvrir le CBD outdoor dans son expression la plus naturelle. \u2728<\/p>\n","protected":false},"excerpt":{"rendered":"<p>Nano Nuggs Runtz de Swiss Botanic est une <strong>fleur de CBD hybride<\/strong>, cultiv\u00e9e en Suisse\u00a0:<\/p>\n<ul>\n<li>Taux de CBD = 18% (THC &lt;1%)<\/li>\n<li>Culture outdoor en pleine terre dans le canton de Vaud<\/li>\n<li>Ar\u00f4mes\u00a0: Sucr\u00e9 \ud83c\udf6f, Herbac\u00e9 \ud83c\udf31, Fruit\u00e9 \ud83c\udf51<\/li>\n<li>Sans fongicides \u2022 Sans herbicides \u2022 Sans pesticides \u2022 Sans additifs \u2022 Sans OGM<\/li>\n<\/ul>\n","protected":false},"featured_media":947989,"template":"","meta":[],"product_brand":[24424],"product_cat":[17483,16207,23624],"product_tag":[],"class_list":{"0":"post-44685","1":"product","2":"type-product","3":"status-publish","4":"has-post-thumbnail","6":"product_brand-swiss-botanic","7":"product_cat-outdoor","8":"product_cat-fleurs-cbd","9":"product_cat-small-buds","11":"first","12":"outofstock","13":"taxable","14":"shipping-taxable","15":"purchasable","16":"product-type-variable"},"yoast_head":"<!-- This site is optimized with the Yoast SEO Premium plugin v27.2 (Yoast SEO v27.2) - https:\/\/yoast.com\/product\/yoast-seo-premium-wordpress\/ -->\n<title>Nano Nuggs Runtz \u2022 Minibuds CBD \u2022 Swiss Botanic | uWeed<\/title>\n<meta name=\"description\" content=\"Nano Nuggs Runtz Swiss Botanic \u2022 CBD 18% Naturel \u2022 Small buds outdoor suisse \u2022 Notes sucr\u00e9es et herbales \u2022 Prix accessible\" \/>\n<meta name=\"robots\" content=\"index, follow, max-snippet:-1, max-image-preview:large, max-video-preview:-1\" \/>\n<link rel=\"canonical\" href=\"https:\/\/uweed.ch\/fr\/produits-cbd\/swiss-botanic-nano-nuggs-runtz-mini-buds-cbd-outdoor\/\" \/>\n<meta property=\"og:locale\" content=\"fr_FR\" \/>\n<meta property=\"og:type\" content=\"article\" \/>\n<meta property=\"og:title\" content=\"Nano Nuggs Runtz \u2022 Minibuds CBD \u2022 Swiss Botanic | uWeed\" \/>\n<meta property=\"og:description\" content=\"Nano Nuggs Runtz Swiss Botanic \u2022 CBD 18% Naturel \u2022 Small buds outdoor suisse \u2022 Notes sucr\u00e9es et herbales \u2022 Prix accessible\" \/>\n<meta property=\"og:url\" content=\"https:\/\/uweed.ch\/fr\/produits-cbd\/swiss-botanic-nano-nuggs-runtz-mini-buds-cbd-outdoor\/\" \/>\n<meta property=\"og:site_name\" content=\"uWeed CBD Shop\" \/>\n<meta property=\"article:publisher\" content=\"https:\/\/www.facebook.com\/uweedswiss\" \/>\n<meta property=\"article:modified_time\" content=\"2026-04-14T15:03:03+00:00\" \/>\n<meta property=\"og:image\" content=\"https:\/\/uweed.ch\/wp-content\/uploads\/2024\/12\/swiss-botanic-nano-nuggs-runtz-small-cbd-buds-outdoor-uweed-cbd-shop-01.png\" \/>\n\t<meta property=\"og:image:width\" content=\"338\" \/>\n\t<meta property=\"og:image:height\" content=\"399\" \/>\n\t<meta property=\"og:image:type\" content=\"image\/png\" \/>\n<meta name=\"twitter:card\" content=\"summary_large_image\" \/>\n<meta name=\"twitter:label1\" content=\"Disponibilit\u00e9\" \/>\n\t<meta name=\"twitter:data1\" content=\"Rupture de stock\" \/>\n<meta property=\"og:availability\" content=\"out of stock\" \/>\n<meta property=\"product:availability\" content=\"out of stock\" \/>\n<meta property=\"product:retailer_item_id\" content=\"SBCFNNRU\" \/>\n<meta property=\"product:condition\" content=\"new\" \/>\n<!-- \/ Yoast SEO Premium plugin. -->","yoast_head_json":{"title":"Nano Nuggs Runtz \u2022 Minibuds CBD \u2022 Swiss Botanic | uWeed","description":"Nano Nuggs Runtz Swiss Botanic \u2022 CBD 18% Naturel \u2022 Small buds outdoor suisse \u2022 Notes sucr\u00e9es et herbales \u2022 Prix accessible","robots":{"index":"index","follow":"follow","max-snippet":"max-snippet:-1","max-image-preview":"max-image-preview:large","max-video-preview":"max-video-preview:-1"},"canonical":"https:\/\/uweed.ch\/fr\/produits-cbd\/swiss-botanic-nano-nuggs-runtz-mini-buds-cbd-outdoor\/","og_locale":"fr_FR","og_type":"article","og_title":"Nano Nuggs Runtz \u2022 Minibuds CBD \u2022 Swiss Botanic | uWeed","og_description":"Nano Nuggs Runtz Swiss Botanic \u2022 CBD 18% Naturel \u2022 Small buds outdoor suisse \u2022 Notes sucr\u00e9es et herbales \u2022 Prix accessible","og_url":"https:\/\/uweed.ch\/fr\/produits-cbd\/swiss-botanic-nano-nuggs-runtz-mini-buds-cbd-outdoor\/","og_site_name":"uWeed CBD Shop","article_publisher":"https:\/\/www.facebook.com\/uweedswiss","article_modified_time":"2026-04-14T15:03:03+00:00","og_image":[{"width":338,"height":399,"url":"https:\/\/uweed.ch\/wp-content\/uploads\/2024\/12\/swiss-botanic-nano-nuggs-runtz-small-cbd-buds-outdoor-uweed-cbd-shop-01.png","type":"image\/png"}],"twitter_card":"summary_large_image","twitter_misc":{"Disponibilit\u00e9":"Rupture de stock"},"schema":{"@context":"https:\/\/schema.org","@graph":[]},"og_availability":"out of stock","product_availability":"out of stock","product_retailer_item_id":"SBCFNNRU","product_condition":"new"},"_links":{"self":[{"href":"https:\/\/uweed.ch\/fr\/wp-json\/wp\/v2\/product\/44685","targetHints":{"allow":["GET"]}}],"collection":[{"href":"https:\/\/uweed.ch\/fr\/wp-json\/wp\/v2\/product"}],"about":[{"href":"https:\/\/uweed.ch\/fr\/wp-json\/wp\/v2\/types\/product"}],"wp:featuredmedia":[{"embeddable":true,"href":"https:\/\/uweed.ch\/fr\/wp-json\/wp\/v2\/media\/947989"}],"wp:attachment":[{"href":"https:\/\/uweed.ch\/fr\/wp-json\/wp\/v2\/media?parent=44685"}],"wp:term":[{"taxonomy":"product_brand","embeddable":true,"href":"https:\/\/uweed.ch\/fr\/wp-json\/wp\/v2\/product_brand?post=44685"},{"taxonomy":"product_cat","embeddable":true,"href":"https:\/\/uweed.ch\/fr\/wp-json\/wp\/v2\/product_cat?post=44685"},{"taxonomy":"product_tag","embeddable":true,"href":"https:\/\/uweed.ch\/fr\/wp-json\/wp\/v2\/product_tag?post=44685"}],"curies":[{"name":"wp","href":"https:\/\/api.w.org\/{rel}","templated":true}]}}