{"id":43739,"date":"2024-12-27T09:39:10","date_gmt":"2024-12-27T08:39:10","guid":{"rendered":"https:\/\/uweed.ch\/cbd-produkte\/purize-xtra-slim-rose-filtres-charbon-actif-pour-joints\/"},"modified":"2026-03-27T16:59:27","modified_gmt":"2026-03-27T15:59:27","slug":"purize-xtra-slim-rose-filtres-charbon-actif-pour-joints","status":"publish","type":"product","link":"https:\/\/uweed.ch\/fr\/produits-cbd\/purize-xtra-slim-rose-filtres-charbon-actif-pour-joints\/","title":{"rendered":"Xtra Slim Rose \u2022 Filtres \u00e0 Charbon Actif pour Joints"},"content":{"rendered":"<p>Le plus petit de la lign\u00e9e des filtres Purize, le filtre \u00e0 charbon actif Xtra Slim Size, est livr\u00e9 dans un sac de rangement refermable et pratique. Id\u00e9al \u00e9galement pour les d\u00e9placements, car les filtres peuvent \u00eatre maintenus \u00e9tanches \u00e0 l&rsquo;air et \u00e0 l&rsquo;eau. Les filtres \u00e0 charbon actif Xtra Slim Size de Purize r\u00e9duisent consid\u00e9rablement les quantit\u00e9s de polluants absorb\u00e9s et vous procurent une exp\u00e9rience de fumage fra\u00eeche, s\u00e8che et aromatique. Les filtres conviennent \u00e0 toutes les mani\u00e8res de rouler! Les deux capuchons \u00e9tant en c\u00e9ramique, il n\u2019ya pas de sens d\u2019insertion ni de sens de roulage \u00e0 observer. Tous les filtres PURIZE\u00ae sont fabriqu\u00e9s \u00e0 partir de mati\u00e8res premi\u00e8res \u00e9cologiques et \u00ab\u00a0Made in Germany\u00a0\u00bb. Couleur: Pink, rose Masse du filtre \u00e0 charbon actif Purize Xtra Slim Size: \u00f8 5,9 mm x 26,9 mm<\/p>\n","protected":false},"excerpt":{"rendered":"<p>Le plus petit de la lign\u00e9e des filtres Purize, le filtre \u00e0 charbon actif Xtra Slim Size, est livr\u00e9 dans un sac de rangement refermable et pratique. Id\u00e9al \u00e9galement pour les d\u00e9placements, car les filtres peuvent \u00eatre maintenus \u00e9tanches \u00e0 l&rsquo;air et \u00e0 l&rsquo;eau. Les filtres \u00e0 charbon actif Xtra Slim Size de Purize r\u00e9duisent [&hellip;]<\/p>\n","protected":false},"featured_media":887727,"template":"","meta":[],"product_brand":[24406],"product_cat":[22094],"product_tag":[],"class_list":{"0":"post-43739","1":"product","2":"type-product","3":"status-publish","4":"has-post-thumbnail","6":"product_brand-purize","7":"product_cat-filtres-cigarettes","8":"pa_filterdurchmesser-5-9-mm","10":"first","11":"outofstock","12":"taxable","13":"shipping-taxable","14":"purchasable","15":"product-type-variable"},"yoast_head":"<!-- This site is optimized with the Yoast SEO Premium plugin v27.2 (Yoast SEO v27.2) - https:\/\/yoast.com\/product\/yoast-seo-premium-wordpress\/ -->\n<title>Filtres Purize Xtra Slim Rose | uWeed CBD Shop<\/title>\n<meta name=\"description\" content=\"Les filtres \u00e0 charbon actif PURIZE\u00ae XTRA Slim sont \u00e9galement disponibles en couleur rose \/ Pink dans notre boutique! Laissez-vous convaincre sur | uweed.ch.\" \/>\n<meta name=\"robots\" content=\"index, follow, max-snippet:-1, max-image-preview:large, max-video-preview:-1\" \/>\n<link rel=\"canonical\" href=\"https:\/\/uweed.ch\/fr\/produits-cbd\/purize-xtra-slim-rose-filtres-charbon-actif-pour-joints\/\" \/>\n<meta property=\"og:locale\" content=\"fr_FR\" \/>\n<meta property=\"og:type\" content=\"article\" \/>\n<meta property=\"og:title\" content=\"Filtres Purize Xtra Slim Rose | uWeed CBD Shop\" \/>\n<meta property=\"og:description\" content=\"Les filtres \u00e0 charbon actif PURIZE\u00ae XTRA Slim sont \u00e9galement disponibles en couleur rose \/ Pink dans notre boutique! Laissez-vous convaincre sur | uweed.ch.\" \/>\n<meta property=\"og:url\" content=\"https:\/\/uweed.ch\/fr\/produits-cbd\/purize-xtra-slim-rose-filtres-charbon-actif-pour-joints\/\" \/>\n<meta property=\"og:site_name\" content=\"uWeed CBD Shop\" \/>\n<meta property=\"article:publisher\" content=\"https:\/\/www.facebook.com\/uweedswiss\" \/>\n<meta property=\"article:modified_time\" content=\"2026-03-27T15:59:27+00:00\" \/>\n<meta property=\"og:image\" content=\"https:\/\/uweed.ch\/wp-content\/uploads\/2025\/06\/purize-xtra-slim-pink-charcoal-filters-for-joints-250pc-uweed-cbd-shop-01.png\" \/>\n\t<meta property=\"og:image:width\" content=\"338\" \/>\n\t<meta property=\"og:image:height\" content=\"390\" \/>\n\t<meta property=\"og:image:type\" content=\"image\/png\" \/>\n<meta name=\"twitter:card\" content=\"summary_large_image\" \/>\n<meta name=\"twitter:label1\" content=\"Disponibilit\u00e9\" \/>\n\t<meta name=\"twitter:data1\" content=\"Rupture de stock\" \/>\n<meta property=\"og:availability\" content=\"out of stock\" \/>\n<meta property=\"product:availability\" content=\"out of stock\" \/>\n<meta property=\"product:retailer_item_id\" content=\"PRSAXTSP\" \/>\n<meta property=\"product:condition\" content=\"new\" \/>\n<!-- \/ Yoast SEO Premium plugin. -->","yoast_head_json":{"title":"Filtres Purize Xtra Slim Rose | uWeed CBD Shop","description":"Les filtres \u00e0 charbon actif PURIZE\u00ae XTRA Slim sont \u00e9galement disponibles en couleur rose \/ Pink dans notre boutique! Laissez-vous convaincre sur | uweed.ch.","robots":{"index":"index","follow":"follow","max-snippet":"max-snippet:-1","max-image-preview":"max-image-preview:large","max-video-preview":"max-video-preview:-1"},"canonical":"https:\/\/uweed.ch\/fr\/produits-cbd\/purize-xtra-slim-rose-filtres-charbon-actif-pour-joints\/","og_locale":"fr_FR","og_type":"article","og_title":"Filtres Purize Xtra Slim Rose | uWeed CBD Shop","og_description":"Les filtres \u00e0 charbon actif PURIZE\u00ae XTRA Slim sont \u00e9galement disponibles en couleur rose \/ Pink dans notre boutique! Laissez-vous convaincre sur | uweed.ch.","og_url":"https:\/\/uweed.ch\/fr\/produits-cbd\/purize-xtra-slim-rose-filtres-charbon-actif-pour-joints\/","og_site_name":"uWeed CBD Shop","article_publisher":"https:\/\/www.facebook.com\/uweedswiss","article_modified_time":"2026-03-27T15:59:27+00:00","og_image":[{"width":338,"height":390,"url":"https:\/\/uweed.ch\/wp-content\/uploads\/2025\/06\/purize-xtra-slim-pink-charcoal-filters-for-joints-250pc-uweed-cbd-shop-01.png","type":"image\/png"}],"twitter_card":"summary_large_image","twitter_misc":{"Disponibilit\u00e9":"Rupture de stock"},"schema":{"@context":"https:\/\/schema.org","@graph":[]},"og_availability":"out of stock","product_availability":"out of stock","product_retailer_item_id":"PRSAXTSP","product_condition":"new"},"_links":{"self":[{"href":"https:\/\/uweed.ch\/fr\/wp-json\/wp\/v2\/product\/43739","targetHints":{"allow":["GET"]}}],"collection":[{"href":"https:\/\/uweed.ch\/fr\/wp-json\/wp\/v2\/product"}],"about":[{"href":"https:\/\/uweed.ch\/fr\/wp-json\/wp\/v2\/types\/product"}],"wp:featuredmedia":[{"embeddable":true,"href":"https:\/\/uweed.ch\/fr\/wp-json\/wp\/v2\/media\/887727"}],"wp:attachment":[{"href":"https:\/\/uweed.ch\/fr\/wp-json\/wp\/v2\/media?parent=43739"}],"wp:term":[{"taxonomy":"product_brand","embeddable":true,"href":"https:\/\/uweed.ch\/fr\/wp-json\/wp\/v2\/product_brand?post=43739"},{"taxonomy":"product_cat","embeddable":true,"href":"https:\/\/uweed.ch\/fr\/wp-json\/wp\/v2\/product_cat?post=43739"},{"taxonomy":"product_tag","embeddable":true,"href":"https:\/\/uweed.ch\/fr\/wp-json\/wp\/v2\/product_tag?post=43739"}],"curies":[{"name":"wp","href":"https:\/\/api.w.org\/{rel}","templated":true}]}}