{"id":41174,"date":"2024-12-26T14:43:50","date_gmt":"2024-12-26T13:43:50","guid":{"rendered":"https:\/\/uweed.ch\/cbd-produkte\/herba-di-berna-harlequin-fleur-cbd-indoor\/"},"modified":"2026-04-02T18:12:36","modified_gmt":"2026-04-02T17:12:36","slug":"herba-di-berna-harlequin-fleur-cbd-indoor","status":"publish","type":"product","link":"https:\/\/uweed.ch\/fr\/produits-cbd\/herba-di-berna-harlequin-fleur-cbd-indoor\/","title":{"rendered":"Harlequin \u2022 Fleurs de CBD Indoor"},"content":{"rendered":"<p>\ud83c\udfad Place au spectacle avec Harlequin, la diva du CBD qui fait son show ! <a href=\"https:\/\/uweed.ch\/fr\/cbd-shop\/fleurs-cbd\/\">Explore notre gamme de fleurs<\/a> et laisse-toi s\u00e9duire par cette artiste aux multiples facettes, cultiv\u00e9e en indoor avec l&rsquo;attention d&rsquo;un metteur en sc\u00e8ne. \u2728<\/p>\n<p>Avec ses 15% de CBD, elle livre une performance magistrale. Le THC reste en coulisse \u00e0 0.74%, pendant que le CBG (0.5%) et le CBC (1%) jouent les seconds r\u00f4les parfaits. Un casting cinq \u00e9toiles pour un spectacle inoubliable ! \ud83c\udf1f<\/p>\n<p>\u00c9lev\u00e9e sous les projecteurs des serres indoor bernoises, elle d\u00e9ploie un bouquet d&rsquo;agrumes et de notes florales qui m\u00e9riterait une standing ovation. C&rsquo;est comme avoir un jardin botanique qui donne un concert priv\u00e9 ! \ud83c\udf3a<\/p>\n","protected":false},"excerpt":{"rendered":"<p>Harlequin de Herba di Berna est une <strong>fleur de CBD hybride<\/strong>, cultiv\u00e9e en Suisse\u00a0:<\/p>\n<ul>\n<li>Taux de CBD = 15% (THC &lt;1%)<\/li>\n<li>Culture indoor en biodynamique dans le canton de Berne<\/li>\n<li>Ar\u00f4mes\u00a0: Agrumes \ud83c\udf4b, Floral \ud83c\udf38<\/li>\n<li>Sans fongicides \u2022 Sans herbicides \u2022 Sans pesticides \u2022 Sans additifs \u2022 Sans OGM<\/li>\n<\/ul>\n","protected":false},"featured_media":1000340,"template":"","meta":[],"product_brand":[24376],"product_cat":[16207,18423],"product_tag":[],"class_list":{"0":"post-41174","1":"product","2":"type-product","3":"status-publish","4":"has-post-thumbnail","6":"product_brand-herba-di-berna","7":"product_cat-fleurs-cbd","8":"product_cat-indoor","10":"first","11":"outofstock","12":"taxable","13":"shipping-taxable","14":"purchasable","15":"product-type-variable"},"yoast_head":"<!-- This site is optimized with the Yoast SEO Premium plugin v27.2 (Yoast SEO v27.2) - https:\/\/yoast.com\/product\/yoast-seo-premium-wordpress\/ -->\n<title>Harlequin \u2022 Fleur CBD \u2022 Herba di Berna | uWeed CBD Shop<\/title>\n<meta name=\"description\" content=\"Savoure la Harlequin d&#039;Herba di Berna \u2022 Fleur CBD Indoor \u2022 15% CBD \u2022 Hybride aux ar\u00f4mes fleuris et citronn\u00e9s \u2022 Commander sur uWeed\" \/>\n<meta name=\"robots\" content=\"index, follow, max-snippet:-1, max-image-preview:large, max-video-preview:-1\" \/>\n<link rel=\"canonical\" href=\"https:\/\/uweed.ch\/fr\/produits-cbd\/herba-di-berna-harlequin-fleur-cbd-indoor\/\" \/>\n<meta property=\"og:locale\" content=\"fr_FR\" \/>\n<meta property=\"og:type\" content=\"article\" \/>\n<meta property=\"og:title\" content=\"Harlequin \u2022 Fleur CBD \u2022 Herba di Berna | uWeed CBD Shop\" \/>\n<meta property=\"og:description\" content=\"Savoure la Harlequin d&#039;Herba di Berna \u2022 Fleur CBD Indoor \u2022 15% CBD \u2022 Hybride aux ar\u00f4mes fleuris et citronn\u00e9s \u2022 Commander sur uWeed\" \/>\n<meta property=\"og:url\" content=\"https:\/\/uweed.ch\/fr\/produits-cbd\/herba-di-berna-harlequin-fleur-cbd-indoor\/\" \/>\n<meta property=\"og:site_name\" content=\"uWeed CBD Shop\" \/>\n<meta property=\"article:publisher\" content=\"https:\/\/www.facebook.com\/uweedswiss\" \/>\n<meta property=\"article:modified_time\" content=\"2026-04-02T17:12:36+00:00\" \/>\n<meta property=\"og:image\" content=\"https:\/\/uweed.ch\/wp-content\/uploads\/2024\/12\/herba-di-berna-harlequin-indoor-uweed-cbd-shop-01.png\" \/>\n\t<meta property=\"og:image:width\" content=\"338\" \/>\n\t<meta property=\"og:image:height\" content=\"390\" \/>\n\t<meta property=\"og:image:type\" content=\"image\/png\" \/>\n<meta name=\"twitter:card\" content=\"summary_large_image\" \/>\n<meta name=\"twitter:label1\" content=\"Disponibilit\u00e9\" \/>\n\t<meta name=\"twitter:data1\" content=\"Rupture de stock\" \/>\n<meta property=\"og:availability\" content=\"out of stock\" \/>\n<meta property=\"product:availability\" content=\"out of stock\" \/>\n<meta property=\"product:retailer_item_id\" content=\"HBCFHALE\" \/>\n<meta property=\"product:condition\" content=\"new\" \/>\n<!-- \/ Yoast SEO Premium plugin. -->","yoast_head_json":{"title":"Harlequin \u2022 Fleur CBD \u2022 Herba di Berna | uWeed CBD Shop","description":"Savoure la Harlequin d'Herba di Berna \u2022 Fleur CBD Indoor \u2022 15% CBD \u2022 Hybride aux ar\u00f4mes fleuris et citronn\u00e9s \u2022 Commander sur uWeed","robots":{"index":"index","follow":"follow","max-snippet":"max-snippet:-1","max-image-preview":"max-image-preview:large","max-video-preview":"max-video-preview:-1"},"canonical":"https:\/\/uweed.ch\/fr\/produits-cbd\/herba-di-berna-harlequin-fleur-cbd-indoor\/","og_locale":"fr_FR","og_type":"article","og_title":"Harlequin \u2022 Fleur CBD \u2022 Herba di Berna | uWeed CBD Shop","og_description":"Savoure la Harlequin d'Herba di Berna \u2022 Fleur CBD Indoor \u2022 15% CBD \u2022 Hybride aux ar\u00f4mes fleuris et citronn\u00e9s \u2022 Commander sur uWeed","og_url":"https:\/\/uweed.ch\/fr\/produits-cbd\/herba-di-berna-harlequin-fleur-cbd-indoor\/","og_site_name":"uWeed CBD Shop","article_publisher":"https:\/\/www.facebook.com\/uweedswiss","article_modified_time":"2026-04-02T17:12:36+00:00","og_image":[{"width":338,"height":390,"url":"https:\/\/uweed.ch\/wp-content\/uploads\/2024\/12\/herba-di-berna-harlequin-indoor-uweed-cbd-shop-01.png","type":"image\/png"}],"twitter_card":"summary_large_image","twitter_misc":{"Disponibilit\u00e9":"Rupture de stock"},"schema":{"@context":"https:\/\/schema.org","@graph":[]},"og_availability":"out of stock","product_availability":"out of stock","product_retailer_item_id":"HBCFHALE","product_condition":"new"},"_links":{"self":[{"href":"https:\/\/uweed.ch\/fr\/wp-json\/wp\/v2\/product\/41174","targetHints":{"allow":["GET"]}}],"collection":[{"href":"https:\/\/uweed.ch\/fr\/wp-json\/wp\/v2\/product"}],"about":[{"href":"https:\/\/uweed.ch\/fr\/wp-json\/wp\/v2\/types\/product"}],"wp:featuredmedia":[{"embeddable":true,"href":"https:\/\/uweed.ch\/fr\/wp-json\/wp\/v2\/media\/1000340"}],"wp:attachment":[{"href":"https:\/\/uweed.ch\/fr\/wp-json\/wp\/v2\/media?parent=41174"}],"wp:term":[{"taxonomy":"product_brand","embeddable":true,"href":"https:\/\/uweed.ch\/fr\/wp-json\/wp\/v2\/product_brand?post=41174"},{"taxonomy":"product_cat","embeddable":true,"href":"https:\/\/uweed.ch\/fr\/wp-json\/wp\/v2\/product_cat?post=41174"},{"taxonomy":"product_tag","embeddable":true,"href":"https:\/\/uweed.ch\/fr\/wp-json\/wp\/v2\/product_tag?post=41174"}],"curies":[{"name":"wp","href":"https:\/\/api.w.org\/{rel}","templated":true}]}}