{"id":50457,"date":"2025-01-24T14:28:58","date_gmt":"2025-01-24T13:28:58","guid":{"rendered":"https:\/\/uweed.ch\/?page_id=50457"},"modified":"2026-03-18T19:30:48","modified_gmt":"2026-03-18T18:30:48","slug":"options-livraison","status":"publish","type":"page","link":"https:\/\/uweed.ch\/fr\/options-livraison\/","title":{"rendered":"Comment fonctionnent la livraison et l\u2019exp\u00e9dition lorsque je commande des produits CBD en ligne sur uweed.ch ? \ud83d\ude9a"},"content":{"rendered":"<p>Chez uWeed, on sait que quand tu commandes du CBD en ligne, tu veux tes produits rapidement, en toute s\u00e9curit\u00e9 et en toute discr\u00e9tion. C\u2019est pourquoi nous travaillons avec des partenaires logistiques de confiance en Suisse et en Europe afin d\u2019assurer une livraison fluide \u00e0 chaque commande.<\/p>\n<div style=\"display: flex; justify-content: space-between; gap: 10px; margin-top: 20px; font-family: Arial, sans-serif;\">\n<p><!-- Column 1 --><\/p>\n<div style=\"text-align: center; flex: 1; border-radius: 10px; background-color: #e9fdf5; padding: 15px;\"><img decoding=\"async\" style=\"width: 100%; border-radius: 10px;\" src=\"https:\/\/cdn.uweed.ch\/wp-content\/uploads\/2025\/01\/livraison-rapide-24h-uweed-cbd-shop.jpg\" alt=\"Livraison Rapide\" \/><\/div>\n<p><!-- Column 2 --><\/p>\n<div style=\"text-align: center; flex: 1; border-radius: 10px; background-color: #e9fdf5; padding: 15px;\"><img decoding=\"async\" style=\"width: 100%; border-radius: 10px;\" src=\"https:\/\/cdn.uweed.ch\/wp-content\/uploads\/2025\/01\/livraison-garantie-assuree-uweed-cbd-shop.jpg\" alt=\"Livraison Garantie\" \/><\/div>\n<p><!-- Column 3 --><\/p>\n<div style=\"text-align: center; flex: 1; border-radius: 10px; background-color: #e9fdf5; padding: 15px;\"><img decoding=\"async\" style=\"width: 100%; border-radius: 10px;\" src=\"https:\/\/cdn.uweed.ch\/wp-content\/uploads\/2025\/01\/livraison-gratuite-49chf-uweed-cbd-shop.jpg\" alt=\"Livraison Gratuite\" \/><\/div>\n<p><!-- Column 4 --><\/p>\n<div style=\"text-align: center; flex: 1; border-radius: 10px; background-color: #e9fdf5; padding: 15px;\"><img decoding=\"async\" style=\"width: 100%; border-radius: 10px;\" src=\"https:\/\/cdn.uweed.ch\/wp-content\/uploads\/2025\/01\/livraison-discrete-uweed-cbd-shop.jpg\" alt=\"Livraison Discr\u00e8te\" \/><\/div>\n<p><!-- Column 5 --><\/p>\n<div style=\"text-align: center; flex: 1; border-radius: 10px; background-color: #e9fdf5; padding: 15px;\"><img decoding=\"async\" style=\"width: 100%; border-radius: 10px;\" src=\"https:\/\/cdn.uweed.ch\/wp-content\/uploads\/2025\/01\/produits-ecologiques-uweed-cbd-shop.jpg\" alt=\"Produits \u00c9cologiques\" \/><\/div>\n<\/div>\n<p>&nbsp;<\/p>\n<h2>A) Livraison en Suisse et au Liechtenstein<\/h2>\n<h3>\u26a1 Livraison rapide le lendemain<\/h3>\n<ol>\n<li>Les commandes pass\u00e9es et pay\u00e9es avant 15h (du lundi au vendredi, jours f\u00e9ri\u00e9s exclus) sont exp\u00e9di\u00e9es le jour m\u00eame depuis notre entrep\u00f4t \u00e0 Z\u00fcrich.<br \/>\na.\u00a0 \u00c0 noter : les moyens de paiement non instantan\u00e9s (comme le virement bancaire) peuvent entra\u00eener un d\u00e9lai suppl\u00e9mentaire de 1 \u00e0 2 jours, car les commandes ne sont exp\u00e9di\u00e9es qu\u2019une fois le paiement effectivement re\u00e7u.<\/li>\n<li>La livraison avec la Poste Suisse en envoi prioritaire (Courrier A Plus) arrive g\u00e9n\u00e9ralement le jour ouvrable suivant. Gr\u00e2ce au suivi int\u00e9gr\u00e9, tu peux suivre ton colis en temps r\u00e9el \u00e0 tout moment.<\/li>\n<\/ol>\n<h3>\ud83d\udce6 Livraison gratuite &amp; \u00e9quitable<\/h3>\n<ul>\n<li>Ta vie priv\u00e9e compte. Chaque colis est exp\u00e9di\u00e9 dans un emballage neutre et discret, sans mention du contenu.<\/li>\n<\/ul>\n<h3>\ud83e\udd2b Discr\u00e9tion assur\u00e9e<\/h3>\n<ul>\n<li>Si ta commande n\u2019arrive pas dans les 3 jours ouvrables, nous te remboursons ou te la renvoyons gratuitement.<\/li>\n<li>Tous les colis sont assur\u00e9s jusqu\u2019\u00e0 CHF 500.\u2013.<\/li>\n<li>Tous les envois sont exp\u00e9di\u00e9s avec Courrier A Plus et incluent un suivi, ce qui te permet de suivre ton colis en temps r\u00e9el \u00e0 tout moment.<\/li>\n<\/ul>\n<h3>\ud83c\udf31 Eco-Friendly by Default<\/h3>\n<ul>\n<li>Toutes les livraisons sont compens\u00e9es en CO\u2082 gr\u00e2ce au programme pro clima de la Poste Suisse.<\/li>\n<li>Depuis 2021, chaque envoi \u2014 en Suisse ou \u00e0 l\u2019international \u2014 est neutre en carbone, sans co\u00fbt suppl\u00e9mentaire pour toi.<\/li>\n<li>Avec l\u2019objectif de neutralit\u00e9 climatique fix\u00e9 par la Poste Suisse \u00e0 l\u2019horizon 2030, ta commande est bonne pour toi et pour la plan\u00e8te.<\/li>\n<\/ul>\n<h2>B) Options de livraison internationale en Europe \ud83c\udf0d<\/h2>\n<p>Tu commandes depuis l\u2019\u00e9tranger ? Pas de souci \u2014 nous livrons du CBD dans toute l\u2019Europe gr\u00e2ce \u00e0 notre r\u00e9seau logistique sp\u00e9cialis\u00e9.<\/p>\n<h3>\ud83d\uddfa\ufe0f O\u00f9 livrons-nous ?<\/h3>\n<ul>\n<li>France (uniquement m\u00e9tropolitaine)<\/li>\n<li>Europe centrale : Belgique, Luxembourg, Pays-Bas, Allemagne, Espagne, Italie, Autriche<\/li>\n<li>Reste de l\u2019Europe : R\u00e9publique tch\u00e8que, Danemark, Estonie, Hongrie, Lettonie, Lituanie, Pologne, Roumanie, Slovaquie, et d\u2019autres (liste compl\u00e8te disponible sur notre site)<\/li>\n<\/ul>\n<p style=\"text-align: center;\">Aper\u00e7u des zones europ\u00e9ennes \ud83d\uddfa\ufe0f<\/p>\n<p><img loading=\"lazy\" decoding=\"async\" class=\"aligncenter wp-image-926780 size-full\" src=\"https:\/\/cdn.uweed.ch\/wp-content\/uploads\/2025\/09\/carte-zones-livraison-uweed-cbd-shop.png\" alt=\"Carte indiquant les zones de livraison disponibles\" width=\"658\" height=\"513\" srcset=\"https:\/\/cdn.uweed.ch\/wp-content\/uploads\/2025\/09\/carte-zones-livraison-uweed-cbd-shop.avif 658w, https:\/\/cdn.uweed.ch\/wp-content\/uploads\/2025\/09\/carte-zones-livraison-uweed-cbd-shop-300x234.avif 300w, https:\/\/cdn.uweed.ch\/wp-content\/uploads\/2025\/09\/carte-zones-livraison-uweed-cbd-shop-64x50.avif 64w\" sizes=\"auto, (max-width: 658px) 100vw, 658px\" \/><\/p>\n<h3>\ud83d\udce6 Comment fonctionne la livraison dans l\u2019UE ?<\/h3>\n<p>Pour assurer un passage fluide en douane, les envois vers l\u2019UE suivent un processus en deux \u00e9tapes :<\/p>\n<ol>\n<li>Ta commande est exp\u00e9di\u00e9e le jour m\u00eame depuis notre entrep\u00f4t de Z\u00fcrich vers notre partenaire logistique.<\/li>\n<li>Celui-ci prend en charge toutes les formalit\u00e9s douani\u00e8res et d\u2019importation pour notre compte.<\/li>\n<li>Une fois d\u00e9douan\u00e9, ton colis est transf\u00e9r\u00e9 vers l\u2019entrep\u00f4t europ\u00e9en de notre partenaire logistique.<\/li>\n<li>Le m\u00eame jour, il est pris en charge par notre r\u00e9seau de transporteurs europ\u00e9ens (Colissimo, Chronopost ou partenaires locaux). C\u2019est \u00e0 ce moment-l\u00e0 que ton suivi commence \u00e0 s\u2019activer.<\/li>\n<\/ol>\n<p>\u26a0\ufe0f <strong>Important<\/strong> : Le suivi peut ne pas se mettre \u00e0 jour imm\u00e9diatement. En g\u00e9n\u00e9ral, il commence \u00e0 afficher des mouvements 2 \u00e0 4 jours ouvrables apr\u00e8s avoir quitt\u00e9 la Suisse, une fois scann\u00e9 par le transporteur europ\u00e9en. C\u2019est normal et cela n\u2019a aucun impact sur la rapidit\u00e9 de livraison.<\/p>\n<h3>\u23f1\ufe0f Quels sont les d\u00e9lais et co\u00fbts de livraison par zone ?<\/h3>\n<table style=\"border-collapse: collapse; width: 100%; font-family: Arial, sans-serif; table-layout: fixed;\">\n<colgroup>\n<col style=\"width: 15%;\" \/>\n<col style=\"width: 14%;\" \/>\n<col style=\"width: 14%;\" \/>\n<col style=\"width: 14%;\" \/>\n<col style=\"width: 14%;\" \/>\n<col style=\"width: 14%;\" \/>\n<col style=\"width: 14%;\" \/> <\/colgroup>\n<thead>\n<tr style=\"background-color: #f2f2f2;\">\n<th style=\"border: 1px solid #ddd; padding: 8px; text-align: center;\"><\/th>\n<th style=\"border: 1px solid #ddd; padding: 8px; text-align: center;\" colspan=\"1\">France M\u00e9tropolitaine<\/th>\n<th style=\"border: 1px solid #ddd; padding: 8px; text-align: center;\" colspan=\"1\">Europe centrale<\/th>\n<th style=\"border: 1px solid #ddd; padding: 8px; text-align: center;\" colspan=\"1\">Reste de l\u2019Europe<\/th>\n<\/tr>\n<\/thead>\n<tbody>\n<tr>\n<td style=\"border: 1px solid #ddd; padding: 8px; background-color: #f2f2f2; text-align: center;\">Suivi du Colis<\/td>\n<td style=\"border: 1px solid #ddd; padding: 8px; text-align: center;\">\u00a0Oui<\/td>\n<td style=\"border: 1px solid #ddd; padding: 8px; text-align: center;\">\u00a0Oui<\/td>\n<td style=\"border: 1px solid #ddd; padding: 8px; text-align: center;\">Oui<\/td>\n<\/tr>\n<tr>\n<td style=\"border: 1px solid #ddd; padding: 8px; background-color: #f9f9f9; text-align: center;\">D\u00e9lais de Livraison*<\/td>\n<td style=\"border: 1px solid #ddd; padding: 8px; text-align: center;\">\u00a04 \u00e0 8 jours<\/td>\n<td style=\"border: 1px solid #ddd; padding: 8px; text-align: center;\">\u00a05 \u00e0 8 jours<\/td>\n<td style=\"border: 1px solid #ddd; padding: 8px; text-align: center;\">5 \u00e0 10 jours<\/td>\n<\/tr>\n<tr>\n<td style=\"border: 1px solid #ddd; padding: 8px; background-color: #f2f2f2; text-align: center;\">Frais de Livraison<\/td>\n<td style=\"border: 1px solid #ddd; padding: 8px; text-align: center;\">7\u20ac<\/td>\n<td style=\"border: 1px solid #ddd; padding: 8px; text-align: center;\">10\u20ac<\/td>\n<td style=\"border: 1px solid #ddd; padding: 8px; text-align: center;\">15\u20ac<\/td>\n<\/tr>\n<tr>\n<td style=\"border: 1px solid #ddd; padding: 8px; background-color: #f9f9f9; text-align: center;\">Gratuit\u00e9 de la Livraison pour toute commande d\u00e9passant<\/td>\n<td style=\"border: 1px solid #ddd; padding: 8px; text-align: center;\">99\u20ac<\/td>\n<td style=\"border: 1px solid #ddd; padding: 8px; text-align: center;\">129\u20ac<\/td>\n<td style=\"border: 1px solid #ddd; padding: 8px; text-align: center;\">189\u20ac<\/td>\n<\/tr>\n<\/tbody>\n<\/table>\n<p><em>*Les d\u00e9lais indiqu\u00e9s correspondent aux jours ouvrables apr\u00e8s le premier scan par le transporteur. Des retards exceptionnels ind\u00e9pendants de notre volont\u00e9 peuvent survenir.<\/em><\/p>\n<h3>\ud83d\ude9a Avec quels transporteurs travaillons-nous en Europe ?<\/h3>\n<ul>\n<li>France : uniquement Colissimo &amp; Chronopost. Nous ne travaillons PAS avec Colis Priv\u00e9.<\/li>\n<li>Autres pays : Colissimo\/Chronopost collabore avec des transporteurs locaux de confiance (par ex. Deutsche Post en Allemagne, Correos en Espagne, Poste Italiane en Italie, bpost en Belgique).<\/li>\n<\/ul>\n<h3>\ud83d\udcb6 Douanes, TVA &amp; frais<\/h3>\n<ul>\n<li>Aucun frais cach\u00e9 \u00e0 la livraison \u2014 le prix pay\u00e9 lors du checkout est d\u00e9finitif. Tous les droits de douane, taxes et TVA sont pris en charge directement par nous.<\/li>\n<li>En cas de perte du colis, une fois la confirmation donn\u00e9e par le transporteur, nous te renverrons gratuitement ta commande ou nous proc\u00e9derons \u00e0 un remboursement complet.<\/li>\n<\/ul>\n<h3>\u26a0\ufe0f Conformit\u00e9 des produits<\/h3>\n<p>Certains produits vendus sur uweed.ch peuvent contenir jusqu\u2019\u00e0 1 % de THC, ce qui est parfaitement l\u00e9gal en Suisse mais peut d\u00e9passer la limite l\u00e9gale de ton pays.<\/p>\n<ul>\n<li>Merci de v\u00e9rifier les lois locales avant de commander.<\/li>\n<li>uWeed ne pourra pas \u00eatre tenu responsable en cas de saisie par la douane, d\u2019amende ou de sanction li\u00e9e \u00e0 une non-conformit\u00e9 de tes produits avec la l\u00e9gislation de ton pays.<\/li>\n<\/ul>\n","protected":false},"excerpt":{"rendered":"<p>Chez uWeed, on sait que quand tu commandes du CBD en ligne, tu veux tes produits rapidement, en toute s\u00e9curit\u00e9 et en toute discr\u00e9tion. C\u2019est pourquoi nous travaillons avec des partenaires logistiques de confiance en Suisse et en Europe afin d\u2019assurer une livraison fluide \u00e0 chaque commande. &nbsp; A) Livraison en Suisse et au Liechtenstein [&hellip;]<\/p>\n","protected":false},"author":2922,"featured_media":0,"parent":0,"menu_order":0,"comment_status":"closed","ping_status":"closed","template":"templates\/Privacy-policy.php","meta":{"footnotes":""},"class_list":["post-50457","page","type-page","status-publish","hentry"],"yoast_head":"<!-- This site is optimized with the Yoast SEO Premium plugin v27.2 (Yoast SEO v27.2) - https:\/\/yoast.com\/product\/yoast-seo-premium-wordpress\/ -->\n<title>Options de livraison \u2022 Rapide, discret et gratuit | uWeed<\/title>\n<meta name=\"description\" content=\"D\u00e9couvre les options de livraison du CBD shop de uWeed \u2022 Exp\u00e9dition rapide, discr\u00e8te et gratuite partout en Suisse d\u00e8s 49.- \u2022 Commande maintenant !\" \/>\n<meta name=\"robots\" content=\"index, follow, max-snippet:-1, max-image-preview:large, max-video-preview:-1\" \/>\n<link rel=\"canonical\" href=\"https:\/\/uweed.ch\/fr\/options-livraison\/\" \/>\n<meta property=\"og:locale\" content=\"fr_FR\" \/>\n<meta property=\"og:type\" content=\"article\" \/>\n<meta property=\"og:title\" content=\"Options de livraison \u2022 Rapide, discret et gratuit | uWeed\" \/>\n<meta property=\"og:description\" content=\"D\u00e9couvre les options de livraison du CBD shop de uWeed \u2022 Exp\u00e9dition rapide, discr\u00e8te et gratuite partout en Suisse d\u00e8s 49.- \u2022 Commande maintenant !\" \/>\n<meta property=\"og:url\" content=\"https:\/\/uweed.ch\/fr\/options-livraison\/\" \/>\n<meta property=\"og:site_name\" content=\"uWeed CBD Shop\" \/>\n<meta property=\"article:publisher\" content=\"https:\/\/www.facebook.com\/uweedswiss\" \/>\n<meta property=\"article:modified_time\" content=\"2026-03-18T18:30:48+00:00\" \/>\n<meta property=\"og:image\" content=\"https:\/\/uweed-ch-store-new-content-image.storage.googleapis.com\/wp-content\/uploads\/2025\/01\/livraison-rapide-24h-uweed-cbd-shop.jpg\" \/>\n<meta name=\"twitter:card\" content=\"summary_large_image\" \/>\n<meta name=\"twitter:label1\" content=\"Dur\u00e9e de lecture estim\u00e9e\" \/>\n\t<meta name=\"twitter:data1\" content=\"6 minutes\" \/>\n<!-- \/ Yoast SEO Premium plugin. -->","yoast_head_json":{"title":"Options de livraison \u2022 Rapide, discret et gratuit | uWeed","description":"D\u00e9couvre les options de livraison du CBD shop de uWeed \u2022 Exp\u00e9dition rapide, discr\u00e8te et gratuite partout en Suisse d\u00e8s 49.- \u2022 Commande maintenant !","robots":{"index":"index","follow":"follow","max-snippet":"max-snippet:-1","max-image-preview":"max-image-preview:large","max-video-preview":"max-video-preview:-1"},"canonical":"https:\/\/uweed.ch\/fr\/options-livraison\/","og_locale":"fr_FR","og_type":"article","og_title":"Options de livraison \u2022 Rapide, discret et gratuit | uWeed","og_description":"D\u00e9couvre les options de livraison du CBD shop de uWeed \u2022 Exp\u00e9dition rapide, discr\u00e8te et gratuite partout en Suisse d\u00e8s 49.- \u2022 Commande maintenant !","og_url":"https:\/\/uweed.ch\/fr\/options-livraison\/","og_site_name":"uWeed CBD Shop","article_publisher":"https:\/\/www.facebook.com\/uweedswiss","article_modified_time":"2026-03-18T18:30:48+00:00","og_image":[{"url":"https:\/\/uweed-ch-store-new-content-image.storage.googleapis.com\/wp-content\/uploads\/2025\/01\/livraison-rapide-24h-uweed-cbd-shop.jpg","type":"","width":"","height":""}],"twitter_card":"summary_large_image","twitter_misc":{"Dur\u00e9e de lecture estim\u00e9e":"6 minutes"},"schema":{"@context":"https:\/\/schema.org","@graph":[]}},"_links":{"self":[{"href":"https:\/\/uweed.ch\/fr\/wp-json\/wp\/v2\/pages\/50457","targetHints":{"allow":["GET"]}}],"collection":[{"href":"https:\/\/uweed.ch\/fr\/wp-json\/wp\/v2\/pages"}],"about":[{"href":"https:\/\/uweed.ch\/fr\/wp-json\/wp\/v2\/types\/page"}],"author":[{"embeddable":true,"href":"https:\/\/uweed.ch\/fr\/wp-json\/wp\/v2\/users\/2922"}],"replies":[{"embeddable":true,"href":"https:\/\/uweed.ch\/fr\/wp-json\/wp\/v2\/comments?post=50457"}],"version-history":[{"count":34,"href":"https:\/\/uweed.ch\/fr\/wp-json\/wp\/v2\/pages\/50457\/revisions"}],"predecessor-version":[{"id":988698,"href":"https:\/\/uweed.ch\/fr\/wp-json\/wp\/v2\/pages\/50457\/revisions\/988698"}],"wp:attachment":[{"href":"https:\/\/uweed.ch\/fr\/wp-json\/wp\/v2\/media?parent=50457"}],"curies":[{"name":"wp","href":"https:\/\/api.w.org\/{rel}","templated":true}]}}