{"id":49978,"date":"2024-12-31T13:14:54","date_gmt":"2024-12-31T12:14:54","guid":{"rendered":"https:\/\/uweed.ch\/?page_id=49978"},"modified":"2026-03-18T13:52:32","modified_gmt":"2026-03-18T12:52:32","slug":"faq","status":"publish","type":"page","link":"https:\/\/uweed.ch\/fr\/faq\/","title":{"rendered":"Guide d&rsquo;Achat &#038; Assistance : Questions Fr\u00e9quentes"},"content":{"rendered":"","protected":false},"excerpt":{"rendered":"","protected":false},"author":47476,"featured_media":0,"parent":0,"menu_order":0,"comment_status":"closed","ping_status":"closed","template":"templates\/Faq.php","meta":{"footnotes":""},"class_list":["post-49978","page","type-page","status-publish","hentry"],"yoast_head":"<!-- This site is optimized with the Yoast SEO Premium plugin v27.2 (Yoast SEO v27.2) - https:\/\/yoast.com\/product\/yoast-seo-premium-wordpress\/ -->\n<title>FAQ \u2022 R\u00e9ponses \u00e0 vos questions sur notre boutique | uWeed<\/title>\n<meta name=\"description\" content=\"Retrouve des r\u00e9ponses d\u00e9taill\u00e9es \u00e0 tes questions sur la boutique uWeed \u2022 Informations sur les produits, la l\u00e9gislation, les commandes et plus encore dans notre FAQ\" \/>\n<meta name=\"robots\" content=\"index, follow, max-snippet:-1, max-image-preview:large, max-video-preview:-1\" \/>\n<link rel=\"canonical\" href=\"https:\/\/uweed.ch\/fr\/faq\/\" \/>\n<meta property=\"og:locale\" content=\"fr_FR\" \/>\n<meta property=\"og:type\" content=\"article\" \/>\n<meta property=\"og:title\" content=\"FAQ \u2022 R\u00e9ponses \u00e0 vos questions sur notre boutique | uWeed\" \/>\n<meta property=\"og:description\" content=\"Retrouve des r\u00e9ponses d\u00e9taill\u00e9es \u00e0 tes questions sur la boutique uWeed \u2022 Informations sur les produits, la l\u00e9gislation, les commandes et plus encore dans notre FAQ\" \/>\n<meta property=\"og:url\" content=\"https:\/\/uweed.ch\/fr\/faq\/\" \/>\n<meta property=\"og:site_name\" content=\"uWeed CBD Shop\" \/>\n<meta property=\"article:publisher\" content=\"https:\/\/www.facebook.com\/uweedswiss\" \/>\n<meta property=\"article:modified_time\" content=\"2026-03-18T12:52:32+00:00\" \/>\n<meta property=\"og:image\" content=\"https:\/\/uweed.ch\/wp-content\/uploads\/2025\/01\/uWeed_Google_Banner2.jpg\" \/>\n\t<meta property=\"og:image:width\" content=\"1200\" \/>\n\t<meta property=\"og:image:height\" content=\"675\" \/>\n\t<meta property=\"og:image:type\" content=\"image\/jpeg\" \/>\n<meta name=\"twitter:card\" content=\"summary_large_image\" \/>\n<meta name=\"twitter:label1\" content=\"Dur\u00e9e de lecture estim\u00e9e\" \/>\n\t<meta name=\"twitter:data1\" content=\"14 minutes\" \/>\n<!-- \/ Yoast SEO Premium plugin. -->","yoast_head_json":{"title":"FAQ \u2022 R\u00e9ponses \u00e0 vos questions sur notre boutique | uWeed","description":"Retrouve des r\u00e9ponses d\u00e9taill\u00e9es \u00e0 tes questions sur la boutique uWeed \u2022 Informations sur les produits, la l\u00e9gislation, les commandes et plus encore dans notre FAQ","robots":{"index":"index","follow":"follow","max-snippet":"max-snippet:-1","max-image-preview":"max-image-preview:large","max-video-preview":"max-video-preview:-1"},"canonical":"https:\/\/uweed.ch\/fr\/faq\/","og_locale":"fr_FR","og_type":"article","og_title":"FAQ \u2022 R\u00e9ponses \u00e0 vos questions sur notre boutique | uWeed","og_description":"Retrouve des r\u00e9ponses d\u00e9taill\u00e9es \u00e0 tes questions sur la boutique uWeed \u2022 Informations sur les produits, la l\u00e9gislation, les commandes et plus encore dans notre FAQ","og_url":"https:\/\/uweed.ch\/fr\/faq\/","og_site_name":"uWeed CBD Shop","article_publisher":"https:\/\/www.facebook.com\/uweedswiss","article_modified_time":"2026-03-18T12:52:32+00:00","og_image":[{"width":1200,"height":675,"url":"https:\/\/uweed.ch\/wp-content\/uploads\/2025\/01\/uWeed_Google_Banner2.jpg","type":"image\/jpeg"}],"twitter_card":"summary_large_image","twitter_misc":{"Dur\u00e9e de lecture estim\u00e9e":"14 minutes"},"schema":{"@context":"https:\/\/schema.org","@graph":[]}},"_links":{"self":[{"href":"https:\/\/uweed.ch\/fr\/wp-json\/wp\/v2\/pages\/49978","targetHints":{"allow":["GET"]}}],"collection":[{"href":"https:\/\/uweed.ch\/fr\/wp-json\/wp\/v2\/pages"}],"about":[{"href":"https:\/\/uweed.ch\/fr\/wp-json\/wp\/v2\/types\/page"}],"author":[{"embeddable":true,"href":"https:\/\/uweed.ch\/fr\/wp-json\/wp\/v2\/users\/47476"}],"replies":[{"embeddable":true,"href":"https:\/\/uweed.ch\/fr\/wp-json\/wp\/v2\/comments?post=49978"}],"version-history":[{"count":8,"href":"https:\/\/uweed.ch\/fr\/wp-json\/wp\/v2\/pages\/49978\/revisions"}],"predecessor-version":[{"id":988642,"href":"https:\/\/uweed.ch\/fr\/wp-json\/wp\/v2\/pages\/49978\/revisions\/988642"}],"wp:attachment":[{"href":"https:\/\/uweed.ch\/fr\/wp-json\/wp\/v2\/media?parent=49978"}],"curies":[{"name":"wp","href":"https:\/\/api.w.org\/{rel}","templated":true}]}}